{"id":2126,"date":"2024-02-08T14:29:21","date_gmt":"2024-02-08T13:29:21","guid":{"rendered":"https:\/\/tafalgie.fr\/politique-en-matiere-de-cookies-ue\/"},"modified":"2024-07-11T14:14:24","modified_gmt":"2024-07-11T12:14:24","slug":"politique-en-matiere-de-cookies-ue","status":"publish","type":"page","link":"https:\/\/tafalgie.fr\/fr\/politique-en-matiere-de-cookies-ue\/","title":{"rendered":"Politique de cookies (UE)"},"content":{"rendered":"\n<div class=\"wp-block-group alignwide is-layout-constrained wp-block-group-is-layout-constrained\">\n<div style=\"height:140px\" aria-hidden=\"true\" class=\"wp-block-spacer\"><\/div>\n\n\n\n<h1 class=\"wp-block-heading fade-in-text\">Politique de cookies<\/h1>\n\n\n\n<p>Derni\u00e8re mise \u00e0 jour : 9 f\u00e9vrier <a>2024<\/a><\/p>\n\n\n\n<p><strong>Le site web <a href=\"https:\/\/tafalgie.fr\/\">https:\/\/tafalgie.fr\/<\/a> (le \u00ab Site \u00bb) est la propri\u00e9t\u00e9 de TAFALGIE THERAPEUTICS et est exploit\u00e9 par TAFALGIE THERAPEUTICS, une soci\u00e9t\u00e9 anonyme fran\u00e7aise au capital de 7.447.444,00 \u20ac, d\u00fbment enregistr\u00e9e sous le num\u00e9ro RCS Marseille 891 031 148.<\/strong><\/p>\n\n\n\n<p>Adresse du si\u00e8ge social : Parc Technologique Luminy &#8211; B\u00e2timent CCIMP &#8211; 163 Avenue de Luminy &#8211; 13009 Marseille &#8211; France<\/p>\n\n\n\n<p>TVA N\u00b0FR48891031148<\/p>\n\n\n\n<p>Courriel : <a>contact@tafalgie.fr<\/a><\/p>\n\n\n\n<p>Nous recueillons certaines informations via des cookies ou d&rsquo;autres technologies de suivi que nous utilisons sur notre Site afin d&rsquo;am\u00e9liorer le Site et de vous offrir une meilleure exp\u00e9rience de navigation. Cette Politique de Cookies compl\u00e8te notre Politique de Confidentialit\u00e9 et vise \u00e0 vous informer sur la mani\u00e8re dont nous utilisons les cookies.<\/p>\n\n\n\n<h2 class=\"wp-block-heading\">1. Qu&rsquo;est-ce qu&rsquo;un cookie ?<\/h2>\n\n\n\n<p>Un cookie est un petit fichier envoy\u00e9 \u00e0 votre navigateur web par le site web que vous visitez. Il enregistre des informations relatives \u00e0 votre navigation sur notre Site (les pages que vous avez consult\u00e9es, la date et l&rsquo;heure de votre visite, etc.<\/p>\n\n\n\n<h2 class=\"wp-block-heading\">2. les cookies que nous utilisons sur notre site web<\/h2>\n\n\n\n<p>Nous utilisons :<\/p>\n\n\n\n<ul class=\"wp-block-list\">\n<li><strong>Cookies techniques li\u00e9s aux fonctionnalit\u00e9s du site web (strictement n\u00e9cessaires)<\/strong><\/li>\n<\/ul>\n\n\n\n<p>Ces cookies sont essentiels au bon fonctionnement de notre site web et sont exempt\u00e9s de consentement au sens de la r\u00e9glementation. Ces cookies vous permettent de naviguer sur le site web, d&rsquo;utiliser ses fonctionnalit\u00e9s et d&rsquo;enregistrer vos pr\u00e9f\u00e9rences (telles que la langue utilis\u00e9e, l&rsquo;acc\u00e8s \u00e0 votre compte, les produits ajout\u00e9s au panier d&rsquo;achat), et de s\u00e9curiser le site web contre d&rsquo;\u00e9ventuelles fraudes.<\/p>\n\n\n\n<ul class=\"wp-block-list\">\n<li><strong>Cookies de mesure d&rsquo;audience du site web (analyse)<\/strong><\/li>\n<\/ul>\n\n\n\n<p>Ces cookies nous permettent de r\u00e9aliser des statistiques agr\u00e9g\u00e9es et anonymes relatives \u00e0 l&rsquo;utilisation de notre site Internet (ex : nombre de visites, pages consult\u00e9es, temps pass\u00e9 sur le service, r\u00e9gion de connexion, type d&rsquo;appareil utilis\u00e9, etc.) Ces cookies nous permettent d&rsquo;am\u00e9liorer la performance, la fonctionnalit\u00e9 et les services que nous vous offrons. Ces donn\u00e9es ne contiennent et ne sont associ\u00e9es \u00e0 aucune information nominative.<\/p>\n\n\n\n<ul class=\"wp-block-list\">\n<li><strong>Cookies li\u00e9s \u00e0 vos pr\u00e9f\u00e9rences (fonctionnels)<\/strong><\/li>\n<\/ul>\n\n\n\n<p>Ces cookies nous permettent de suivre et de g\u00e9rer votre exposition et votre interaction avec le contenu et la publicit\u00e9 de notre site web. Ils nous aident \u00e0 identifier les informations susceptibles de vous int\u00e9resser le plus, afin de vous offrir une exp\u00e9rience \u00e9ditoriale personnalis\u00e9e en fonction de vos centres d&rsquo;int\u00e9r\u00eat, notamment dans le cadre des lettres d&rsquo;information que nous vous envoyons.<\/p>\n\n\n\n<p>Ces donn\u00e9es peuvent \u00eatre combin\u00e9es avec les informations que vous avez fournies lors de votre inscription \u00e0 l&rsquo;un de nos services, afin de personnaliser le contenu, les services et les bulletins d&rsquo;information.<\/p>\n\n\n\n<p>Voici la liste des cookies que nous utilisons :<\/p>\n\n\n\n<!-- Legal document generated by Complianz | GDPR\/CCPA Cookie Consent https:\/\/wordpress.org\/plugins\/complianz-gdpr -->\n<div id=\"cmplz-document\" class=\"cmplz-document cookie-statement cmplz-document-eu\"><div id=\"cmplz-cookies-overview\"><details class=\"cmplz-dropdown cmplz-service-desc cmplz-dropdown-cookiepolicy \"><summary class=\"cmplz-service-header\"><div><h3>WordPress<\/h3>\n\t\t<p>Functional<\/p>\n\t\t<label for=\"cmplz_service_wordpress\" class=\"cmplz_consent_per_service_label\"><span class=\"screen-reader-text\">Consent to service wordpress<\/span><\/label>\n\t\t<input type=\"checkbox\" id=\"cmplz_service_wordpress\" class=\"cmplz-accept-service \" data-service=\"wordpress\" data-category=\"functional\"><\/div>\n\t<\/summary>\n\t<div class=\"cmplz-service-description\">\n\t\t<h4>Usage<\/h4>\n\t\t<p>We use WordPress for website development. <a target=\"_blank\" rel=\"noopener noreferrer nofollow\" href=\"https:\/\/cookiedatabase.org\/service\/wordpress\/\">Read more<\/a><\/p>\n\t<\/div>\n\t<div class=\"cmplz-sharing-data\">\n\t\t<h4>Sharing data<\/h4>\n\t\t<p>This data is not shared with third parties.<\/p>\n\t<\/div>\n\t<div class=\"cookies-per-purpose\">\n    <div class=\"purpose\"><h4>Functional<\/h4><\/div>\n    <div class=\"name-header\">\n\t<h5>Name<\/h5>\n<\/div>\n<div class=\"name\"><a target=\"_blank\" rel=\"noopener noreferrer nofollow\" href=\"https:\/\/cookiedatabase.org\/cookie\/wordpress\/wpemojisettingssupports\/\">wpEmojiSettingsSupports<\/a><\/div>\n<div class=\"retention-header\">\n\t<h5>Expiration<\/h5>\n<\/div>\n<div class=\"retention\">session<\/div>\n<div class=\"function-header\">\n\t<h5>Function<\/h5>\n<\/div>\n<div class=\"function\">Store browser details<\/div>\n\n<\/div>\n<\/details>\n<details class=\"cmplz-dropdown cmplz-service-desc cmplz-dropdown-cookiepolicy \">\n\t<summary class=\"cmplz-service-header\"><div>\n\t\t<h3>Hotjar<\/h3>\n\t\t<p>Statistics, Functional<\/p>\n\t\t<label for=\"cmplz_service_hotjar\" class=\"cmplz_consent_per_service_label\"><span class=\"screen-reader-text\">Consent to service hotjar<\/span><\/label>\n\t\t<input type=\"checkbox\" id=\"cmplz_service_hotjar\" class=\"cmplz-accept-service \" data-service=\"hotjar\" data-category=\"statistics\"><\/div>\n\t<\/summary>\n\t<div class=\"cmplz-service-description\">\n\t\t<h4>Usage<\/h4>\n\t\t<p>We use Hotjar for heat maps and screen recordings. <a target=\"_blank\" rel=\"noopener noreferrer nofollow\" href=\"https:\/\/cookiedatabase.org\/service\/hotjar\/\">Read more<\/a><\/p>\n\t<\/div>\n\t<div class=\"cmplz-sharing-data\">\n\t\t<h4>Sharing data<\/h4>\n\t\t<p>For more information, please read the <a target=\"_blank\" rel=\"noopener noreferrer nofollow\" href=\"https:\/\/help.hotjar.com\/hc\/en-us\/articles\/6952777582999-Cookies-Set-by-the-Hotjar-Tracking-Code\">Hotjar Privacy Statement<\/a>.<\/p>\n\t<\/div>\n\t<div class=\"cookies-per-purpose\">\n    <div class=\"purpose\"><h4>Statistics<\/h4><\/div>\n    <div class=\"name-header\">\n\t<h5>Name<\/h5>\n<\/div>\n<div class=\"name\"><a target=\"_blank\" rel=\"noopener noreferrer nofollow\" href=\"https:\/\/cookiedatabase.org\/cookie\/hotjar\/hjviewportid\/\">hjViewportId<\/a><\/div>\n<div class=\"retention-header\">\n\t<h5>Expiration<\/h5>\n<\/div>\n<div class=\"retention\">session<\/div>\n<div class=\"function-header\">\n\t<h5>Function<\/h5>\n<\/div>\n<div class=\"function\">Read screen resolution<\/div>\n<div class=\"name-header\">\n\t<h5>Name<\/h5>\n<\/div>\n<div class=\"name\"><a target=\"_blank\" rel=\"noopener noreferrer nofollow\" href=\"https:\/\/cookiedatabase.org\/cookie\/hotjar\/_hjsessionuser_\/\">_hjSessionUser_*<\/a><\/div>\n<div class=\"retention-header\">\n\t<h5>Expiration<\/h5>\n<\/div>\n<div class=\"retention\">1 year<\/div>\n<div class=\"function-header\">\n\t<h5>Function<\/h5>\n<\/div>\n<div class=\"function\">Store a unique user ID<\/div>\n\n<\/div><div class=\"cookies-per-purpose\">\n    <div class=\"purpose\"><h4>Functional<\/h4><\/div>\n    <div class=\"name-header\">\n\t<h5>Name<\/h5>\n<\/div>\n<div class=\"name\"><a target=\"_blank\" rel=\"noopener noreferrer nofollow\" href=\"https:\/\/cookiedatabase.org\/cookie\/hotjar\/_hjsession_\/\">_hjSession_*<\/a><\/div>\n<div class=\"retention-header\">\n\t<h5>Expiration<\/h5>\n<\/div>\n<div class=\"retention\">session<\/div>\n<div class=\"function-header\">\n\t<h5>Function<\/h5>\n<\/div>\n<div class=\"function\">Provide functions across pages<\/div>\n\n<\/div>\n<\/details>\n<details class=\"cmplz-dropdown cmplz-service-desc cmplz-dropdown-cookiepolicy \">\n\t<summary class=\"cmplz-service-header\"><div>\n\t\t<h3>Google Analytics<\/h3>\n\t\t<p>Statistics<\/p>\n\t\t<label for=\"cmplz_service_google-analytics\" class=\"cmplz_consent_per_service_label\"><span class=\"screen-reader-text\">Consent to service google-analytics<\/span><\/label>\n\t\t<input type=\"checkbox\" id=\"cmplz_service_google-analytics\" class=\"cmplz-accept-service \" data-service=\"google-analytics\" data-category=\"statistics\"><\/div>\n\t<\/summary>\n\t<div class=\"cmplz-service-description\">\n\t\t<h4>Usage<\/h4>\n\t\t<p>We use Google Analytics for website statistics. <a target=\"_blank\" rel=\"noopener noreferrer nofollow\" href=\"https:\/\/cookiedatabase.org\/service\/google-analytics\/\">Read more<\/a><\/p>\n\t<\/div>\n\t<div class=\"cmplz-sharing-data\">\n\t\t<h4>Sharing data<\/h4>\n\t\t<p>For more information, please read the <a target=\"_blank\" rel=\"noopener noreferrer nofollow\" href=\"https:\/\/policies.google.com\/privacy\">Google Analytics Privacy Statement<\/a>.<\/p>\n\t<\/div>\n\t<div class=\"cookies-per-purpose\">\n    <div class=\"purpose\"><h4>Statistics<\/h4><\/div>\n    <div class=\"name-header\">\n\t<h5>Name<\/h5>\n<\/div>\n<div class=\"name\"><a target=\"_blank\" rel=\"noopener noreferrer nofollow\" href=\"https:\/\/cookiedatabase.org\/cookie\/google-analytics\/_ga\/\">_ga<\/a><\/div>\n<div class=\"retention-header\">\n\t<h5>Expiration<\/h5>\n<\/div>\n<div class=\"retention\">2 years<\/div>\n<div class=\"function-header\">\n\t<h5>Function<\/h5>\n<\/div>\n<div class=\"function\">Store and count pageviews<\/div>\n<div class=\"name-header\">\n\t<h5>Name<\/h5>\n<\/div>\n<div class=\"name\"><a target=\"_blank\" rel=\"noopener noreferrer nofollow\" href=\"https:\/\/cookiedatabase.org\/cookie\/google-analytics\/_ga_\/\">_ga_*<\/a><\/div>\n<div class=\"retention-header\">\n\t<h5>Expiration<\/h5>\n<\/div>\n<div class=\"retention\">1 year<\/div>\n<div class=\"function-header\">\n\t<h5>Function<\/h5>\n<\/div>\n<div class=\"function\">Store and count pageviews<\/div>\n\n<\/div>\n<\/details>\n<details class=\"cmplz-dropdown cmplz-service-desc cmplz-dropdown-cookiepolicy \">\n\t<summary class=\"cmplz-service-header\"><div>\n\t\t<h3>Vimeo<\/h3>\n\t\t<p>Statistics<\/p>\n\t\t<label for=\"cmplz_service_vimeo\" class=\"cmplz_consent_per_service_label\"><span class=\"screen-reader-text\">Consent to service vimeo<\/span><\/label>\n\t\t<input type=\"checkbox\" id=\"cmplz_service_vimeo\" class=\"cmplz-accept-service \" data-service=\"vimeo\" data-category=\"statistics\"><\/div>\n\t<\/summary>\n\t<div class=\"cmplz-service-description\">\n\t\t<h4>Usage<\/h4>\n\t\t<p>We use Vimeo for video display. <a target=\"_blank\" rel=\"noopener noreferrer nofollow\" href=\"https:\/\/cookiedatabase.org\/service\/vimeo\/\">Read more<\/a><\/p>\n\t<\/div>\n\t<div class=\"cmplz-sharing-data\">\n\t\t<h4>Sharing data<\/h4>\n\t\t<p>For more information, please read the <a target=\"_blank\" rel=\"noopener noreferrer nofollow\" href=\"https:\/\/vimeo.com\/privacy\">Vimeo Privacy Statement<\/a>.<\/p>\n\t<\/div>\n\t<div class=\"cookies-per-purpose\">\n    <div class=\"purpose\"><h4>Statistics<\/h4><\/div>\n    <div class=\"name-header\">\n\t<h5>Name<\/h5>\n<\/div>\n<div class=\"name\"><a target=\"_blank\" rel=\"noopener noreferrer nofollow\" href=\"https:\/\/cookiedatabase.org\/cookie\/vimeo\/__utmt_player\/\">__utmt_player<\/a><\/div>\n<div class=\"retention-header\">\n\t<h5>Expiration<\/h5>\n<\/div>\n<div class=\"retention\">10 minutes<\/div>\n<div class=\"function-header\">\n\t<h5>Function<\/h5>\n<\/div>\n<div class=\"function\">Store and track audience reach<\/div>\n<div class=\"name-header\">\n\t<h5>Name<\/h5>\n<\/div>\n<div class=\"name\"><a target=\"_blank\" rel=\"noopener noreferrer nofollow\" href=\"https:\/\/cookiedatabase.org\/cookie\/vimeo\/vuid\/\">vuid<\/a><\/div>\n<div class=\"retention-header\">\n\t<h5>Expiration<\/h5>\n<\/div>\n<div class=\"retention\">2 years<\/div>\n<div class=\"function-header\">\n\t<h5>Function<\/h5>\n<\/div>\n<div class=\"function\">Store the user&rsquo;s usage history<\/div>\n\n<\/div>\n<\/details>\n<details class=\"cmplz-dropdown cmplz-service-desc cmplz-dropdown-cookiepolicy \">\n\t<summary class=\"cmplz-service-header\"><div>\n\t\t<h3>YouTube<\/h3>\n\t\t<p>Marketing<\/p>\n\t\t<label for=\"cmplz_service_youtube\" class=\"cmplz_consent_per_service_label\"><span class=\"screen-reader-text\">Consent to service youtube<\/span><\/label>\n\t\t<input type=\"checkbox\" id=\"cmplz_service_youtube\" class=\"cmplz-accept-service \" data-service=\"youtube\" data-category=\"marketing\"><\/div>\n\t<\/summary>\n\t<div class=\"cmplz-service-description\">\n\t\t<h4>Usage<\/h4>\n\t\t<p>We use YouTube for video display. <a target=\"_blank\" rel=\"noopener noreferrer nofollow\" href=\"https:\/\/cookiedatabase.org\/service\/youtube\/\">Read more<\/a><\/p>\n\t<\/div>\n\t<div class=\"cmplz-sharing-data\">\n\t\t<h4>Sharing data<\/h4>\n\t\t<p>For more information, please read the <a target=\"_blank\" rel=\"noopener noreferrer nofollow\" href=\"https:\/\/policies.google.com\/privacy\">YouTube Privacy Statement<\/a>.<\/p>\n\t<\/div>\n\t<div class=\"cookies-per-purpose\">\n    <div class=\"purpose\"><h4>Marketing<\/h4><\/div>\n    <div class=\"name-header\">\n\t<h5>Name<\/h5>\n<\/div>\n<div class=\"name\"><a target=\"_blank\" rel=\"noopener noreferrer nofollow\" href=\"https:\/\/cookiedatabase.org\/cookie\/youtube\/gps\/\">GPS<\/a><\/div>\n<div class=\"retention-header\">\n\t<h5>Expiration<\/h5>\n<\/div>\n<div class=\"retention\">session<\/div>\n<div class=\"function-header\">\n\t<h5>Function<\/h5>\n<\/div>\n<div class=\"function\">Store location data<\/div>\n<div class=\"name-header\">\n\t<h5>Name<\/h5>\n<\/div>\n<div class=\"name\"><a target=\"_blank\" rel=\"noopener noreferrer nofollow\" href=\"https:\/\/cookiedatabase.org\/cookie\/youtube\/visitor_info1_live\/\">VISITOR_INFO1_LIVE<\/a><\/div>\n<div class=\"retention-header\">\n\t<h5>Expiration<\/h5>\n<\/div>\n<div class=\"retention\">6 months<\/div>\n<div class=\"function-header\">\n\t<h5>Function<\/h5>\n<\/div>\n<div class=\"function\">Provide ad delivery or retargeting<\/div>\n<div class=\"name-header\">\n\t<h5>Name<\/h5>\n<\/div>\n<div class=\"name\"><a target=\"_blank\" rel=\"noopener noreferrer nofollow\" href=\"https:\/\/cookiedatabase.org\/cookie\/youtube\/ysc\/\">YSC<\/a><\/div>\n<div class=\"retention-header\">\n\t<h5>Expiration<\/h5>\n<\/div>\n<div class=\"retention\">session<\/div>\n<div class=\"function-header\">\n\t<h5>Function<\/h5>\n<\/div>\n<div class=\"function\">Store and track interaction<\/div>\n<div class=\"name-header\">\n\t<h5>Name<\/h5>\n<\/div>\n<div class=\"name\"><a target=\"_blank\" rel=\"noopener noreferrer nofollow\" href=\"https:\/\/cookiedatabase.org\/cookie\/youtube\/pref\/\">PREF<\/a><\/div>\n<div class=\"retention-header\">\n\t<h5>Expiration<\/h5>\n<\/div>\n<div class=\"retention\">8 months<\/div>\n<div class=\"function-header\">\n\t<h5>Function<\/h5>\n<\/div>\n<div class=\"function\">Store user preferences<\/div>\n\n<\/div>\n<\/details>\n<details class=\"cmplz-dropdown cmplz-service-desc cmplz-dropdown-cookiepolicy \">\n\t<summary class=\"cmplz-service-header\"><div>\n\t\t<h3>Miscellaneous<\/h3>\n\t\t<p>Purpose pending investigation<\/p>\n\t\t<label for=\"cmplz_service_miscellaneous\" class=\"cmplz_consent_per_service_label\"><span class=\"screen-reader-text\">Consent to service miscellaneous<\/span><\/label><\/div><\/summary><\/details><\/div><\/div>\n\n\n<hr class=\"wp-block-separator has-alpha-channel-opacity\"\/>\n\n\n\n<p><a id=\"_msocom_1\"><\/a><\/p>\n\n\n\n<h2 class=\"wp-block-heading\">3. Comment puis-je emp\u00eacher l&rsquo;installation de cookies ou les supprimer ?<\/h2>\n\n\n\n<p>Vous pouvez accepter ou refuser les cookies d\u00e8s votre arriv\u00e9e sur notre site via la <a>banni\u00e8re d&rsquo;information d\u00e9di\u00e9e <\/a>ou <a>en cliquant ici<\/a>.<\/p>\n\n\n\n<p>Vous pouvez \u00e9galement d\u00e9sactiver les cookies directement \u00e0 partir de votre navigateur ; veuillez consulter les pages suivantes pour savoir comment proc\u00e9der :<\/p>\n\n\n\n<ul class=\"wp-block-list\">\n<li>Pour Google Chrome, <a href=\"https:\/\/support.google.com\/chrome\/answer\/95647?hl=FR\">cliquez ici<\/a><\/li>\n\n\n\n<li>Pour Microsoft Edge, <a href=\"https:\/\/support.microsoft.com\/fr-fr\/microsoft-edge\/supprimer-les-cookies-dans-microsoft-edge-63947406-40ac-c3b8-57b9-2a946a29ae09\">cliquez ici<\/a><\/li>\n\n\n\n<li>Pour Mozilla Firefox : <a href=\"https:\/\/support.mozilla.org\/fr\/kb\/effacer-cookies-donnees-site-firefox\">cliquez ici<\/a><\/li>\n\n\n\n<li>Pour l&rsquo;Op\u00e9ra : <a href=\"https:\/\/blogs.opera.com\/news\/2015\/08\/how-to-manage-cookies-in-opera\/\">cliquez ici<\/a><\/li>\n\n\n\n<li>Pour Safari (ordinateur) : <a href=\"https:\/\/support.apple.com\/fr-fr\/guide\/safari\/sfri11471\/mac\">cliquez ici<\/a><\/li>\n\n\n\n<li>Pour Safari (mobile et tablette) :<a href=\"https:\/\/support.apple.com\/fr-fr\/105082#:~:text=Pour%20effacer%20votre%20historique%20et,Effacer%20historique%2C%20donn%C3%A9es%20de%20site\"> cliquez ici<\/a><\/li>\n<\/ul>\n\n\n\n<hr class=\"wp-block-separator has-alpha-channel-opacity\"\/>\n\n\n\n<h2 class=\"wp-block-heading\">4. Que se passe-t-il si je n&rsquo;accepte pas les cookies ?<\/h2>\n\n\n\n<p>La d\u00e9sactivation des cookies peut r\u00e9duire la qualit\u00e9 de votre navigation sur notre site web, en vous emp\u00eachant d&rsquo;acc\u00e9der \u00e0 certaines fonctions.<\/p>\n\n\n\n<h2 class=\"wp-block-heading\">5. Combien de temps les cookies sont-ils conserv\u00e9s ?<\/h2>\n\n\n\n<p>Les cookies d\u00e9pos\u00e9s sur votre terminal et exempt\u00e9s de votre consentement ont une dur\u00e9e de validit\u00e9 maximale de 13 mois, cette dur\u00e9e n&rsquo;\u00e9tant pas automatiquement prolong\u00e9e lors de nouvelles visites sur le Site.<\/p>\n\n\n\n<p>Les cookies d\u00e9pos\u00e9s sur votre terminal et n\u00e9cessitant votre consentement ont une dur\u00e9e de validit\u00e9 de 12 mois. \u00c0 la fin de cette p\u00e9riode, votre consentement doit \u00eatre \u00e0 nouveau obtenu.  <\/p>\n\n\n\n<p>A l&rsquo;issue de ces p\u00e9riodes, les informations collect\u00e9es sur vous relatives au d\u00e9p\u00f4t de cookies seront supprim\u00e9es.<\/p>\n\n\n\n<hr class=\"wp-block-separator has-alpha-channel-opacity\"\/>\n<\/div>\n","protected":false},"excerpt":{"rendered":"<p>Politique de cookies Derni\u00e8re mise \u00e0 jour : 9 f\u00e9vrier 2024 Le site web https:\/\/tafalgie.fr\/ (le \u00ab Site \u00bb) est la propri\u00e9t\u00e9 de TAFALGIE THERAPEUTICS et est exploit\u00e9 par TAFALGIE THERAPEUTICS, une soci\u00e9t\u00e9 anonyme fran\u00e7aise au capital de 7.447.444,00 \u20ac, d\u00fbment enregistr\u00e9e sous le num\u00e9ro RCS Marseille 891 031 148. Adresse du si\u00e8ge social : [&hellip;]<\/p>\n","protected":false},"author":2,"featured_media":0,"parent":0,"menu_order":0,"comment_status":"closed","ping_status":"closed","template":"","meta":{"_acf_changed":false,"inline_featured_image":false,"footnotes":""},"class_list":["post-2126","page","type-page","status-publish","hentry"],"acf":[],"yoast_head":"<!-- This site is optimized with the Yoast SEO plugin v27.2 - https:\/\/yoast.com\/product\/yoast-seo-wordpress\/ -->\n<title>Politique de cookies (UE) - Tafalgie Therapeutics<\/title>\n<meta name=\"robots\" content=\"index, follow, max-snippet:-1, max-image-preview:large, max-video-preview:-1\" \/>\n<link rel=\"canonical\" href=\"https:\/\/tafalgie.fr\/fr\/politique-en-matiere-de-cookies-ue\/\" \/>\n<meta property=\"og:locale\" content=\"fr_FR\" \/>\n<meta property=\"og:type\" content=\"article\" \/>\n<meta property=\"og:title\" content=\"Politique de cookies (UE) - Tafalgie Therapeutics\" \/>\n<meta property=\"og:description\" content=\"Politique de cookies Derni\u00e8re mise \u00e0 jour : 9 f\u00e9vrier 2024 Le site web https:\/\/tafalgie.fr\/ (le \u00ab Site \u00bb) est la propri\u00e9t\u00e9 de TAFALGIE THERAPEUTICS et est exploit\u00e9 par TAFALGIE THERAPEUTICS, une soci\u00e9t\u00e9 anonyme fran\u00e7aise au capital de 7.447.444,00 \u20ac, d\u00fbment enregistr\u00e9e sous le num\u00e9ro RCS Marseille 891 031 148. Adresse du si\u00e8ge social : [&hellip;]\" \/>\n<meta property=\"og:url\" content=\"https:\/\/tafalgie.fr\/fr\/politique-en-matiere-de-cookies-ue\/\" \/>\n<meta property=\"og:site_name\" content=\"Tafalgie Therapeutics\" \/>\n<meta property=\"article:modified_time\" content=\"2024-07-11T12:14:24+00:00\" \/>\n<meta name=\"twitter:card\" content=\"summary_large_image\" \/>\n<meta name=\"twitter:label1\" content=\"Dur\u00e9e de lecture estim\u00e9e\" \/>\n\t<meta name=\"twitter:data1\" content=\"4 minutes\" \/>\n<script type=\"application\/ld+json\" class=\"yoast-schema-graph\">{\"@context\":\"https:\/\/schema.org\",\"@graph\":[{\"@type\":\"WebPage\",\"@id\":\"https:\/\/tafalgie.fr\/fr\/politique-en-matiere-de-cookies-ue\/\",\"url\":\"https:\/\/tafalgie.fr\/fr\/politique-en-matiere-de-cookies-ue\/\",\"name\":\"Politique de cookies (UE) - Tafalgie Therapeutics\",\"isPartOf\":{\"@id\":\"https:\/\/tafalgie.fr\/fr\/#website\"},\"datePublished\":\"2024-02-08T13:29:21+00:00\",\"dateModified\":\"2024-07-11T12:14:24+00:00\",\"inLanguage\":\"fr-FR\",\"potentialAction\":[{\"@type\":\"ReadAction\",\"target\":[\"https:\/\/tafalgie.fr\/fr\/politique-en-matiere-de-cookies-ue\/\"]}]},{\"@type\":\"WebSite\",\"@id\":\"https:\/\/tafalgie.fr\/fr\/#website\",\"url\":\"https:\/\/tafalgie.fr\/fr\/\",\"name\":\"Tafalgie Therapeutics\",\"description\":\"\",\"publisher\":{\"@id\":\"https:\/\/tafalgie.fr\/fr\/#organization\"},\"potentialAction\":[{\"@type\":\"SearchAction\",\"target\":{\"@type\":\"EntryPoint\",\"urlTemplate\":\"https:\/\/tafalgie.fr\/fr\/?s={search_term_string}\"},\"query-input\":{\"@type\":\"PropertyValueSpecification\",\"valueRequired\":true,\"valueName\":\"search_term_string\"}}],\"inLanguage\":\"fr-FR\"},{\"@type\":\"Organization\",\"@id\":\"https:\/\/tafalgie.fr\/fr\/#organization\",\"name\":\"Tafalgie Therapeutics\",\"url\":\"https:\/\/tafalgie.fr\/fr\/\",\"logo\":{\"@type\":\"ImageObject\",\"inLanguage\":\"fr-FR\",\"@id\":\"https:\/\/tafalgie.fr\/fr\/#\/schema\/logo\/image\/\",\"url\":\"https:\/\/tafalgie.fr\/wp-content\/uploads\/2024\/01\/logo-tafalgie-HD-02-1024x286-1.png\",\"contentUrl\":\"https:\/\/tafalgie.fr\/wp-content\/uploads\/2024\/01\/logo-tafalgie-HD-02-1024x286-1.png\",\"width\":1024,\"height\":286,\"caption\":\"Tafalgie Therapeutics\"},\"image\":{\"@id\":\"https:\/\/tafalgie.fr\/fr\/#\/schema\/logo\/image\/\"}}]}<\/script>\n<!-- \/ Yoast SEO plugin. -->","yoast_head_json":{"title":"Politique de cookies (UE) - Tafalgie Therapeutics","robots":{"index":"index","follow":"follow","max-snippet":"max-snippet:-1","max-image-preview":"max-image-preview:large","max-video-preview":"max-video-preview:-1"},"canonical":"https:\/\/tafalgie.fr\/fr\/politique-en-matiere-de-cookies-ue\/","og_locale":"fr_FR","og_type":"article","og_title":"Politique de cookies (UE) - Tafalgie Therapeutics","og_description":"Politique de cookies Derni\u00e8re mise \u00e0 jour : 9 f\u00e9vrier 2024 Le site web https:\/\/tafalgie.fr\/ (le \u00ab Site \u00bb) est la propri\u00e9t\u00e9 de TAFALGIE THERAPEUTICS et est exploit\u00e9 par TAFALGIE THERAPEUTICS, une soci\u00e9t\u00e9 anonyme fran\u00e7aise au capital de 7.447.444,00 \u20ac, d\u00fbment enregistr\u00e9e sous le num\u00e9ro RCS Marseille 891 031 148. Adresse du si\u00e8ge social : [&hellip;]","og_url":"https:\/\/tafalgie.fr\/fr\/politique-en-matiere-de-cookies-ue\/","og_site_name":"Tafalgie Therapeutics","article_modified_time":"2024-07-11T12:14:24+00:00","twitter_card":"summary_large_image","twitter_misc":{"Dur\u00e9e de lecture estim\u00e9e":"4 minutes"},"schema":{"@context":"https:\/\/schema.org","@graph":[{"@type":"WebPage","@id":"https:\/\/tafalgie.fr\/fr\/politique-en-matiere-de-cookies-ue\/","url":"https:\/\/tafalgie.fr\/fr\/politique-en-matiere-de-cookies-ue\/","name":"Politique de cookies (UE) - Tafalgie Therapeutics","isPartOf":{"@id":"https:\/\/tafalgie.fr\/fr\/#website"},"datePublished":"2024-02-08T13:29:21+00:00","dateModified":"2024-07-11T12:14:24+00:00","inLanguage":"fr-FR","potentialAction":[{"@type":"ReadAction","target":["https:\/\/tafalgie.fr\/fr\/politique-en-matiere-de-cookies-ue\/"]}]},{"@type":"WebSite","@id":"https:\/\/tafalgie.fr\/fr\/#website","url":"https:\/\/tafalgie.fr\/fr\/","name":"Tafalgie Therapeutics","description":"","publisher":{"@id":"https:\/\/tafalgie.fr\/fr\/#organization"},"potentialAction":[{"@type":"SearchAction","target":{"@type":"EntryPoint","urlTemplate":"https:\/\/tafalgie.fr\/fr\/?s={search_term_string}"},"query-input":{"@type":"PropertyValueSpecification","valueRequired":true,"valueName":"search_term_string"}}],"inLanguage":"fr-FR"},{"@type":"Organization","@id":"https:\/\/tafalgie.fr\/fr\/#organization","name":"Tafalgie Therapeutics","url":"https:\/\/tafalgie.fr\/fr\/","logo":{"@type":"ImageObject","inLanguage":"fr-FR","@id":"https:\/\/tafalgie.fr\/fr\/#\/schema\/logo\/image\/","url":"https:\/\/tafalgie.fr\/wp-content\/uploads\/2024\/01\/logo-tafalgie-HD-02-1024x286-1.png","contentUrl":"https:\/\/tafalgie.fr\/wp-content\/uploads\/2024\/01\/logo-tafalgie-HD-02-1024x286-1.png","width":1024,"height":286,"caption":"Tafalgie Therapeutics"},"image":{"@id":"https:\/\/tafalgie.fr\/fr\/#\/schema\/logo\/image\/"}}]}},"_links":{"self":[{"href":"https:\/\/tafalgie.fr\/fr\/wp-json\/wp\/v2\/pages\/2126","targetHints":{"allow":["GET"]}}],"collection":[{"href":"https:\/\/tafalgie.fr\/fr\/wp-json\/wp\/v2\/pages"}],"about":[{"href":"https:\/\/tafalgie.fr\/fr\/wp-json\/wp\/v2\/types\/page"}],"author":[{"embeddable":true,"href":"https:\/\/tafalgie.fr\/fr\/wp-json\/wp\/v2\/users\/2"}],"replies":[{"embeddable":true,"href":"https:\/\/tafalgie.fr\/fr\/wp-json\/wp\/v2\/comments?post=2126"}],"version-history":[{"count":4,"href":"https:\/\/tafalgie.fr\/fr\/wp-json\/wp\/v2\/pages\/2126\/revisions"}],"predecessor-version":[{"id":2575,"href":"https:\/\/tafalgie.fr\/fr\/wp-json\/wp\/v2\/pages\/2126\/revisions\/2575"}],"wp:attachment":[{"href":"https:\/\/tafalgie.fr\/fr\/wp-json\/wp\/v2\/media?parent=2126"}],"curies":[{"name":"wp","href":"https:\/\/api.w.org\/{rel}","templated":true}]}}