{"id":2137,"date":"2024-02-08T14:37:06","date_gmt":"2024-02-08T13:37:06","guid":{"rendered":"https:\/\/tafalgie.fr\/politique-de-confidentialite\/"},"modified":"2025-06-16T16:10:04","modified_gmt":"2025-06-16T14:10:04","slug":"politique-de-confidentialite","status":"publish","type":"page","link":"https:\/\/tafalgie.fr\/fr\/politique-de-confidentialite\/","title":{"rendered":"Politique de confidentialit\u00e9"},"content":{"rendered":"\n<div style=\"height:140px\" aria-hidden=\"true\" class=\"wp-block-spacer\"><\/div>\n\n\n\n<div class=\"wp-block-group alignwide mx-auto is-layout-constrained wp-container-core-group-is-layout-cf8232cb wp-block-group-is-layout-constrained\">\n<h1 class=\"wp-block-heading fade-in-text\">Politique de confidentialit\u00e9<\/h1>\n\n\n\n<p>Derni\u00e8re mise \u00e0 jour :&nbsp; 22 mai 2025<\/p>\n\n\n\n<h2 class=\"wp-block-heading\">1. Introduction<\/h2>\n\n\n\n<h3 class=\"wp-block-heading\">1.1. Quel est l&rsquo;objectif de cette politique de protection de la vie priv\u00e9e ?<\/h3>\n\n\n\n<p>Conform\u00e9ment \u00e0 la r\u00e9glementation applicable en mati\u00e8re de protection des donn\u00e9es, nous souhaitons vous informer des donn\u00e9es personnelles que nous recueillons lorsque vous visitez notre site web.<\/p>\n\n\n\n<p>Les donn\u00e9es personnelles d\u00e9signent toute information permettant de vous identifier directement (comme votre nom) ou indirectement (par exemple en utilisant un num\u00e9ro de client unique ou un num\u00e9ro de suivi de commande).<\/p>\n\n\n\n<p>Nos activit\u00e9s de traitement des donn\u00e9es personnelles sont soumises au r\u00e8glement g\u00e9n\u00e9ral sur la protection des donn\u00e9es de l\u2019Union europ\u00e9enne (r\u00e8glement (UE) 2016\/679 du Parlement europ\u00e9en et du Conseil du 27 avril 2016 \u2013 GDPR) et\/ou \u00e0 toute autre l\u00e9gislation applicable en mati\u00e8re de protection des donn\u00e9es.<\/p>\n\n\n\n<h3 class=\"wp-block-heading\">1.2. Qui traite vos informations ?<\/h3>\n\n\n\n<p>TAFALGIE THERAPEUTICS<\/p>\n\n\n\n<p>Soci\u00e9t\u00e9 anonyme de droit fran\u00e7ais au capital social de 7 447 444,00 euros.<\/p>\n\n\n\n<p>Enregistr\u00e9 sous le num\u00e9ro RCS Marseille 891 031 148<\/p>\n\n\n\n<p>Parc Technologique Luminy \u2013 B\u00e2timent CCIMP \u2013 163 Avenue de Luminy \u2013 13009 Marseille \u2013 France<\/p>\n\n\n\n<p>TVA N\u00b0FR48891031148<\/p>\n\n\n\n<p>Courriel : <a href=\"mailto:communication@tafalgie.fr\"><strong>contact@tafalgie.fr<\/strong><\/a><\/p>\n\n\n\n<p>Nous poss\u00e9dons et exploitons le site web <a href=\"https:\/\/tafalgie.fr\/fr\/\">https:\/\/tafalgie.fr\/<\/a> (le \u00ab&nbsp;site web&nbsp;\u00bb) qui fournit des informations et des nouvelles sur notre soci\u00e9t\u00e9, ses produits et ses activit\u00e9s.<\/p>\n\n\n\n<p>En cette qualit\u00e9, nous traitons vos donn\u00e9es \u00e0 caract\u00e8re personnel en tant que responsable du traitement, c\u2019est-\u00e0-dire la personne morale qui, seule ou conjointement avec d\u2019autres, d\u00e9termine la finalit\u00e9 et les moyens du traitement des donn\u00e9es \u00e0 caract\u00e8re personnel.<\/p>\n\n\n\n<h3 class=\"wp-block-heading\">1.3. \u00cates-vous concern\u00e9 par cette politique de protection de la vie priv\u00e9e ?<\/h3>\n\n\n\n<p>Notre site web s\u2019adresse \u00e0 tous les visiteurs et utilisateurs du site, aux clients, aux parties int\u00e9ress\u00e9es et aux partenaires commerciaux.<\/p>\n\n\n\n<h3 class=\"wp-block-heading\">1.4. Modifications de notre politique de confidentialit\u00e9<\/h3>\n\n\n\n<p>La pr\u00e9sente politique de confidentialit\u00e9 est susceptible d\u2019\u00eatre modifi\u00e9e de temps \u00e0 autre, si cela s\u2019av\u00e8re n\u00e9cessaire pour se conformer aux \u00e9volutions techniques ou aux changements juridiques. Veuillez prendre connaissance de la version actuelle de cette politique de confidentialit\u00e9 et la consulter r\u00e9guli\u00e8rement pour vous assurer que vous \u00eates au courant de tout changement.<\/p>\n\n\n\n<h2 class=\"wp-block-heading\">2. Nous contacter<\/h2>\n\n\n\n<p>Si vous souhaitez faire valoir vos droits ou obtenir des informations plus d\u00e9taill\u00e9es, veuillez contacter notre d\u00e9l\u00e9gu\u00e9 \u00e0 la protection des Si vous souhaitez faire valoir vos droits ou obtenir des informations plus d\u00e9taill\u00e9es, veuillez contacter notre d\u00e9l\u00e9gu\u00e9 \u00e0 la protection des donn\u00e9es :<\/p>\n\n\n\n<ul class=\"wp-block-list\">\n<li>Par courrier \u00e9lectronique : <a href=\"mailto:dpo@tafalgie.fr\"><strong>dpo@tafalgie.fr<\/strong><\/a><\/li>\n\n\n\n<li>Ou par courrier : <strong>Tafalgie Therapeutics \u2013 DPO \u2013 Parc Technologique Luminy \u2013 B\u00e2timent CCIMP \u2013 163 Avenue de Luminy \u2013 13009 Marseille \u2013 France<\/strong><\/li>\n<\/ul>\n\n\n\n<p>Toute demande doit pr\u00e9ciser le motif de la demande (exercice du droit d\u2019acc\u00e8s, opposition, etc.). Elle doit \u00e9galement pr\u00e9ciser l\u2019adresse postale ou \u00e9lectronique \u00e0 laquelle la r\u00e9ponse doit \u00eatre envoy\u00e9e. Pour exercer vos droits, vous devez prouver votre identit\u00e9 par tout moyen. Si nous avons des doutes raisonnables quant \u00e0 votre identit\u00e9, nous pouvons vous demander de fournir les informations suppl\u00e9mentaires n\u00e9cessaires pour confirmer votre identit\u00e9.<\/p>\n\n\n\n<p>Nous vous r\u00e9pondrons dans un d\u00e9lai maximum d\u2019un (1) mois \u00e0 compter de la date de r\u00e9ception de votre demande. Toutefois, cette p\u00e9riode peut \u00eatre prolong\u00e9e de deux (2) mois en cas de complexit\u00e9 accrue et\/ou de nombre de demandes.<\/p>\n\n\n\n<h2 class=\"wp-block-heading\">3. Quels sont vos droits sur vos donn\u00e9es personnelles ?<\/h2>\n\n\n\n<p>N\u2019oubliez pas que vos droits tels que d\u00e9crits ci-dessous peuvent parfois \u00eatre limit\u00e9s, en fonction des circonstances, des conditions et sous r\u00e9serve des exceptions pr\u00e9vues par les r\u00e9glementations applicables.<\/p>\n\n\n\n<h3 class=\"wp-block-heading\">3.1. Acc\u00e8s \u00e0 vos donn\u00e9es personnelles<\/h3>\n\n\n\n<p>L\u2019exercice du droit d\u2019acc\u00e8s vous permet de savoir si vos donn\u00e9es personnelles font l\u2019objet d\u2019un traitement et de les obtenir dans un format compr\u00e9hensible.<\/p>\n\n\n\n<h3 class=\"wp-block-heading\">3.2. Rectification de vos donn\u00e9es personnelles<\/h3>\n\n\n\n<p>Vous avez le droit de faire rectifier les donn\u00e9es inexactes vous concernant ou de compl\u00e9ter les donn\u00e9es relatives aux finalit\u00e9s pour lesquelles elles sont utilis\u00e9es.<\/p>\n\n\n\n<h3 class=\"wp-block-heading\">3.3. Effacement de vos donn\u00e9es personnelles<\/h3>\n\n\n\n<p>Vous avez le droit de nous demander d&rsquo;effacer vos donn\u00e9es \u00e0 caract\u00e8re personnel lorsque vous pouvez justifier de certains motifs pr\u00e9vus \u00e0 l&rsquo;article 17 du GDPR, et sous r\u00e9serve des obligations l\u00e9gales qui nous incombent.<\/p>\n\n\n\n<h3 class=\"wp-block-heading\">3.4. Restriction du traitement des donn\u00e9es \u00e0 caract\u00e8re personnel<\/h3>\n\n\n\n<p>Dans certains cas pr\u00e9vus \u00e0 l&rsquo;article 18 du RGPD, vous avez le droit de nous demander de geler temporairement l&rsquo;utilisation de certaines de vos donn\u00e9es.<\/p>\n\n\n\n<h3 class=\"wp-block-heading\">3.5. Demander la portabilit\u00e9 de vos donn\u00e9es personnelles<\/h3>\n\n\n\n<p>Vous pouvez demander une copie des donn\u00e9es \u00e0 caract\u00e8re personnel que vous nous avez fournies dans un format structur\u00e9, couramment utilis\u00e9 et lisible par machine. Lorsque cela est techniquement possible, vous pouvez nous demander de transf\u00e9rer cette copie \u00e0 un tiers.<\/p>\n\n\n\n<h3 class=\"wp-block-heading\">3.6. S&rsquo;opposer au traitement de vos donn\u00e9es<\/h3>\n\n\n\n<p>Vous avez le droit de vous opposer \u00e0 l&rsquo;utilisation de vos donn\u00e9es lorsque leur traitement est fond\u00e9 sur nos int\u00e9r\u00eats l\u00e9gitimes. Vous avez le droit de vous opposer \u00e0 tout moment \u00e0 l&rsquo;utilisation de vos donn\u00e9es \u00e0 des fins de marketing, ainsi qu&rsquo;au traitement automatique de vos donn\u00e9es, y compris le profilage.<\/p>\n\n\n\n<h3 class=\"wp-block-heading\">3.7. Retirer son consentement \u00e0 tout moment<\/h3>\n\n\n\n<p>Si vous avez donn\u00e9 votre consentement au traitement de vos donn\u00e9es personnelles, vous pouvez le retirer \u00e0 tout moment. Veuillez noter que cela n&rsquo;affectera pas notre droit de traiter vos donn\u00e9es \u00e0 caract\u00e8re personnel collect\u00e9es avant le retrait de votre consentement, ni notre droit de poursuivre certaines parties du traitement sur une base juridique autre que celle de votre consentement.<\/p>\n\n\n\n<h3 class=\"wp-block-heading\">3.8. D\u00e9poser une plainte aupr\u00e8s de l&rsquo;autorit\u00e9 de protection des donn\u00e9es de votre pays<\/h3>\n\n\n\n<p>Vous avez le droit d&rsquo;introduire une r\u00e9clamation aupr\u00e8s de l&rsquo;autorit\u00e9 de protection des donn\u00e9es de votre pays (CNIL en France &#8211; la liste des autorit\u00e9s europ\u00e9ennes de protection des donn\u00e9es peut \u00eatre consult\u00e9e en cliquant sur le lien suivant<a href=\"https:\/\/ec.europa.eu\/justice\/article-29\/structure\/data-protection-authorities\/index_en.htm).\">: https:\/\/ec.europa.eu\/justice\/article-29\/structure\/data-protection-authorities\/index_en.htm)<\/a>.<\/p>\n\n\n\n<h2 class=\"wp-block-heading\">4. Quelles sont les donn\u00e9es personnelles que nous collectons ?<\/h2>\n\n\n\n<p>Nous collectons des donn\u00e9es personnelles n\u00e9cessaires au fonctionnement du site web et \u00e0 la prospection commerciale, ainsi que pour g\u00e9rer les candidatures \u00e0 nos offres d\u2019emploi, y compris candidatures spontan\u00e9es.<\/p>\n\n\n\n<p>Nous recueillons vos donn\u00e9es personnelles lorsque vous visitez notre site web. Cela inclut, mais n\u2019est pas limit\u00e9 \u00e0 :<\/p>\n\n\n\n<ul class=\"wp-block-list\">\n<li>L\u2019identification personnelle, les donn\u00e9es relatives \u00e0 la vie professionnelle, et les informations de contact que vous nous envoyez directement par le biais des formulaires de contact disponibles sur le site Web : nom, pr\u00e9nom, adresse \u00e9lectronique, num\u00e9ro de t\u00e9l\u00e9phone, message de contenu, adresse IP, date et heure de la soumission, exp\u00e9riences professionnelles, dipl\u00f4mes, CV, poste recherch\u00e9&#8230; Les champs obligatoires sont indiqu\u00e9s comme tels sur ces formulaires. Sans cela, nous ne pouvons pas vous fournir le service demand\u00e9.<\/li>\n\n\n\n<li>Donn\u00e9es d\u2019utilisation : Adresse IP, date et heure de la demande, fuseau horaire, statut d\u2019acc\u00e8s\/code d\u2019\u00e9tat HTTP, volume de donn\u00e9es transf\u00e9r\u00e9es dans chaque cas, site web d\u2019o\u00f9 provient la demande, navigateur ainsi que la langue et la version du logiciel de navigation, syst\u00e8me d\u2019exploitation et son interface, cookies.<\/li>\n<\/ul>\n\n\n\n<p>Si, en naviguant sur le site web, vous divulguez des donn\u00e9es personnelles que vous avez directement ou indirectement collect\u00e9es aupr\u00e8s d\u2019une personne, il vous incombe de vous assurer que la personne concern\u00e9e vous a autoris\u00e9 \u00e0 partager ses donn\u00e9es personnelles avec nous et qu\u2019elle a \u00e9t\u00e9 d\u00fbment inform\u00e9e de la pr\u00e9sente politique de protection de la vie priv\u00e9e.<\/p>\n\n\n\n<p>Lorsque vous fournissez volontairement des donn\u00e9es personnelles vous concernant, vous vous engagez \u00e0 fournir des informations exactes et non pr\u00e9judiciables aux int\u00e9r\u00eats ou aux droits de tiers.<\/p>\n\n\n\n<h2 class=\"wp-block-heading\">5. Quelles sont les finalit\u00e9s du traitement de vos donn\u00e9es personnelles ?<\/h2>\n\n\n\n<p>Nous utilisons vos donn\u00e9es personnelles aux fins suivantes :<\/p>\n\n\n\n<ul class=\"wp-block-list\">\n<li>Pour la mise \u00e0 disposition du site web, de ses fonctions et de son contenu ;<\/li>\n\n\n\n<li>Pour r\u00e9pondre aux demandes de contact et communiquer avec les utilisateurs ;<\/li>\n\n\n\n<li>Pour vous apporter une r\u00e9ponse dans le cadre de votre candidature \u00e0 une annonce d\u2019emploi ou une candidature spontan\u00e9e.<\/li>\n\n\n\n<li>Pour l&rsquo;affirmation, l&rsquo;application, l&rsquo;exercice ou la d\u00e9fense d&rsquo;une ou de plusieurs r\u00e9clamations ou litiges juridiques, et pour la d\u00e9tection, l&rsquo;investigation et la pr\u00e9vention de la criminalit\u00e9 ;<\/li>\n\n\n\n<li>Pour les mesures de s\u00e9curit\u00e9 ;<\/li>\n\n\n\n<li>Pour mieux comprendre comment notre site web est utilis\u00e9.<\/li>\n<\/ul>\n\n\n\n<p>Nous traitons vos informations conform\u00e9ment aux bases juridiques suivantes :<\/p>\n\n\n\n<ul class=\"wp-block-list\">\n<li><strong><\/strong><strong>Consentement : nous utilisons des informations stock\u00e9es sur votre appareil (cookies de tiers ou de marketing et technologies de suivi similaires) pour mieux comprendre la mani\u00e8re dont vous utilisez notre site web et am\u00e9liorer votre exp\u00e9rience sur notre site web ;<\/strong><strong><\/strong><\/li>\n\n\n\n<li><strong>Int\u00e9r\u00eat l\u00e9gitime : nous<\/strong>utilisons vos donn\u00e9es \u00e0 caract\u00e8re personnel \u00e0 des fins qui ne portent pas atteinte \u00e0 votre vie priv\u00e9e et qui peuvent \u00eatre raisonnablement attendues dans le cadre de l&rsquo;utilisation du site web (traitement de vos demandes, cookies strictement n\u00e9cessaires et techniques) ;<\/li>\n\n\n\n<li>Obligation l\u00e9gale : nous traitons vos donn\u00e9es \u00e0 caract\u00e8re personnel en raison d&rsquo;une obligation l\u00e9gale ou d&rsquo;un droit (contr\u00f4le de la s\u00e9curit\u00e9, litige ou pr\u00e9contentieux, finance et comptabilit\u00e9, respect de la loi).<\/li>\n<\/ul>\n\n\n\n<h2 class=\"wp-block-heading\">6. Avec qui pouvons-nous partager vos donn\u00e9es personnelles ?<\/h2>\n\n\n\n<p>Vos donn\u00e9es personnelles sont trait\u00e9es \u00e0 l\u2019aide d\u2019outils informatiques. Elle est divulgu\u00e9e \u00e0 :<\/p>\n\n\n\n<ul class=\"wp-block-list\">\n<li>notre personnel autoris\u00e9 sur la base du besoin de savoir.<\/li>\n\n\n\n<li>nos prestataires de services (sous-traitants), fournisseurs et partenaires \u2013 auxquels nous faisons appel pour fournir nos services aux fins susmentionn\u00e9es. Il s\u2019agit notamment de nos fournisseurs de sites, afin de permettre l\u2019acc\u00e8s \u00e0 notre site web, d\u2019h\u00e9berger, de maintenir, d\u2019\u00e9diter notre site web, de vous contacter.<\/li>\n\n\n\n<li>toute profession r\u00e9glement\u00e9e \u00e0 laquelle la communication de donn\u00e9es \u00e0 caract\u00e8re personnel est n\u00e9cessaire pour satisfaire \u00e0 nos obligations l\u00e9gales et r\u00e9glementaires, notamment les auditeurs d\u2019une autorit\u00e9 comp\u00e9tente, les experts, les avocats, les commissaires aux comptes, etc.<\/li>\n\n\n\n<li>dans certaines circonstances, nous pouvons \u00eatre tenus de divulguer vos donn\u00e9es \u00e0 caract\u00e8re personnel si la loi l\u2019exige ou en r\u00e9ponse \u00e0 des demandes valables \u00e9manant d\u2019autorit\u00e9s publiques (par exemple, un tribunal ou une agence gouvernementale).<\/li>\n<\/ul>\n\n\n\n<p>Si nous sommes impliqu\u00e9s dans une fusion, une acquisition ou une vente d\u2019actifs, vos donn\u00e9es personnelles peuvent \u00eatre transf\u00e9r\u00e9es. Nous ferons tout notre possible pour vous avertir avant que vos donn\u00e9es personnelles ne soient transf\u00e9r\u00e9es et soumises \u00e0 une politique de confidentialit\u00e9 diff\u00e9rente.<\/p>\n\n\n\n<h2 class=\"wp-block-heading\">7. combien de temps conservons-nous vos donn\u00e9es personnelles ?<\/h2>\n\n\n\n<p>Vos donn\u00e9es personnelles seront conserv\u00e9es pendant une dur\u00e9e n\u00e9cessaire et proportionnelle aux finalit\u00e9s pour lesquelles elles ont \u00e9t\u00e9 collect\u00e9es, et, le cas \u00e9ch\u00e9ant, dans les limites des d\u00e9lais l\u00e9gaux de prescription civile et de conservation l\u00e9gale.<\/p>\n\n\n\n<p>En particulier, nous appliquons des politiques et des proc\u00e9dures sp\u00e9cifiques en ce qui concerne la gestion de vos donn\u00e9es personnelles qui sont supprim\u00e9es \u00e0 la fin de la p\u00e9riode d\u00e9finie selon les crit\u00e8res de conservation suivants :<\/p>\n\n\n\n<ul class=\"wp-block-list\">\n<li>Nous conservons vos donn\u00e9es aussi longtemps que nous entretenons une relation commerciale avec vous ;<\/li>\n\n\n\n<li>nous conserverons vos donn\u00e9es aussi longtemps que n\u00e9cessaire pour vous fournir nos services ;<\/li>\n\n\n\n<li>nous conservons vos donn\u00e9es aussi longtemps que n\u00e9cessaire pour nous conformer \u00e0 nos obligations l\u00e9gales et contractuelles.<\/li>\n<\/ul>\n\n\n\n<p>Les p\u00e9riodes de conservation sont les suivantes :<\/p>\n\n\n\n<ul class=\"wp-block-list\">\n<li>Les informations concernant les prospects (personnes n\u2019ayant jamais effectu\u00e9 d\u2019achat) sont conserv\u00e9es pendant 3 ans apr\u00e8s le dernier contact).<\/li>\n<\/ul>\n\n\n\n<p>Certaines donn\u00e9es personnelles peuvent \u00eatre conserv\u00e9es (notes de cr\u00e9dit, bons de commande) pendant une p\u00e9riode commercialement raisonnable, \u00e0 des fins de sauvegarde, d\u2019archivage ou d\u2019audit. La p\u00e9riode de conservation obligatoire est de dix (10) ans pour les factures.<\/p>\n\n\n\n<p>Les cookies de mesure d\u2019audience, de publicit\u00e9 cibl\u00e9e et de partage sur les r\u00e9seaux sociaux sont stock\u00e9s sur le terminal de l\u2019utilisateur pour une dur\u00e9e de 13 mois.<\/p>\n\n\n\n<h2 class=\"wp-block-heading\">8. Vos donn\u00e9es sont-elles transf\u00e9r\u00e9es en dehors de l&rsquo;Union europ\u00e9enne ?<\/h2>\n\n\n\n<p>Vous \u00eates inform\u00e9 que vos donn\u00e9es personnelles peuvent \u00eatre transf\u00e9r\u00e9es et trait\u00e9es dans des pays hors de l\u2019Union europ\u00e9enne, o\u00f9 le niveau de protection des donn\u00e9es peut \u00eatre inf\u00e9rieur \u00e0 celui de l\u2019Union europ\u00e9enne.<\/p>\n\n\n\n<h2 class=\"wp-block-heading\">9. A propos des cookies<\/h2>\n\n\n\n<p>Nous recueillons d\u2019autres informations de mani\u00e8re indirecte, notamment par le biais de cookies ou d\u2019autres technologies de suivi. Des informations d\u00e9taill\u00e9es sur notre utilisation des cookies sont disponibles dans notre <a href=\"https:\/\/tafalgie.fr\/fr\/avis-juridique\/\">Politique en mati\u00e8re de cookies<\/a>.<\/p>\n\n\n\n<hr class=\"wp-block-separator has-alpha-channel-opacity\"\/>\n<\/div>\n\n\n\n<p><\/p>\n","protected":false},"excerpt":{"rendered":"<p>Politique de confidentialit\u00e9 Derni\u00e8re mise \u00e0 jour :&nbsp; 22 mai 2025 1. Introduction 1.1. Quel est l&rsquo;objectif de cette politique de protection de la vie priv\u00e9e ? Conform\u00e9ment \u00e0 la r\u00e9glementation applicable en mati\u00e8re de protection des donn\u00e9es, nous souhaitons vous informer des donn\u00e9es personnelles que nous recueillons lorsque vous visitez notre site web. Les [&hellip;]<\/p>\n","protected":false},"author":2,"featured_media":0,"parent":0,"menu_order":0,"comment_status":"closed","ping_status":"closed","template":"","meta":{"_acf_changed":false,"inline_featured_image":false,"footnotes":""},"class_list":["post-2137","page","type-page","status-publish","hentry"],"acf":[],"yoast_head":"<!-- This site is optimized with the Yoast SEO plugin v27.2 - https:\/\/yoast.com\/product\/yoast-seo-wordpress\/ -->\n<title>Politique de confidentialit\u00e9 - Tafalgie Therapeutics<\/title>\n<meta name=\"robots\" content=\"index, follow, max-snippet:-1, max-image-preview:large, max-video-preview:-1\" \/>\n<link rel=\"canonical\" href=\"https:\/\/tafalgie.fr\/fr\/politique-de-confidentialite\/\" \/>\n<meta property=\"og:locale\" content=\"fr_FR\" \/>\n<meta property=\"og:type\" content=\"article\" \/>\n<meta property=\"og:title\" content=\"Politique de confidentialit\u00e9 - Tafalgie Therapeutics\" \/>\n<meta property=\"og:description\" content=\"Politique de confidentialit\u00e9 Derni\u00e8re mise \u00e0 jour :&nbsp; 22 mai 2025 1. Introduction 1.1. Quel est l&rsquo;objectif de cette politique de protection de la vie priv\u00e9e ? Conform\u00e9ment \u00e0 la r\u00e9glementation applicable en mati\u00e8re de protection des donn\u00e9es, nous souhaitons vous informer des donn\u00e9es personnelles que nous recueillons lorsque vous visitez notre site web. Les [&hellip;]\" \/>\n<meta property=\"og:url\" content=\"https:\/\/tafalgie.fr\/fr\/politique-de-confidentialite\/\" \/>\n<meta property=\"og:site_name\" content=\"Tafalgie Therapeutics\" \/>\n<meta property=\"article:modified_time\" content=\"2025-06-16T14:10:04+00:00\" \/>\n<meta name=\"twitter:card\" content=\"summary_large_image\" \/>\n<meta name=\"twitter:label1\" content=\"Dur\u00e9e de lecture estim\u00e9e\" \/>\n\t<meta name=\"twitter:data1\" content=\"10 minutes\" \/>\n<script type=\"application\/ld+json\" class=\"yoast-schema-graph\">{\"@context\":\"https:\/\/schema.org\",\"@graph\":[{\"@type\":\"WebPage\",\"@id\":\"https:\/\/tafalgie.fr\/fr\/politique-de-confidentialite\/\",\"url\":\"https:\/\/tafalgie.fr\/fr\/politique-de-confidentialite\/\",\"name\":\"Politique de confidentialit\u00e9 - Tafalgie Therapeutics\",\"isPartOf\":{\"@id\":\"https:\/\/tafalgie.fr\/fr\/#website\"},\"datePublished\":\"2024-02-08T13:37:06+00:00\",\"dateModified\":\"2025-06-16T14:10:04+00:00\",\"inLanguage\":\"fr-FR\",\"potentialAction\":[{\"@type\":\"ReadAction\",\"target\":[\"https:\/\/tafalgie.fr\/fr\/politique-de-confidentialite\/\"]}]},{\"@type\":\"WebSite\",\"@id\":\"https:\/\/tafalgie.fr\/fr\/#website\",\"url\":\"https:\/\/tafalgie.fr\/fr\/\",\"name\":\"Tafalgie Therapeutics\",\"description\":\"\",\"publisher\":{\"@id\":\"https:\/\/tafalgie.fr\/fr\/#organization\"},\"potentialAction\":[{\"@type\":\"SearchAction\",\"target\":{\"@type\":\"EntryPoint\",\"urlTemplate\":\"https:\/\/tafalgie.fr\/fr\/?s={search_term_string}\"},\"query-input\":{\"@type\":\"PropertyValueSpecification\",\"valueRequired\":true,\"valueName\":\"search_term_string\"}}],\"inLanguage\":\"fr-FR\"},{\"@type\":\"Organization\",\"@id\":\"https:\/\/tafalgie.fr\/fr\/#organization\",\"name\":\"Tafalgie Therapeutics\",\"url\":\"https:\/\/tafalgie.fr\/fr\/\",\"logo\":{\"@type\":\"ImageObject\",\"inLanguage\":\"fr-FR\",\"@id\":\"https:\/\/tafalgie.fr\/fr\/#\/schema\/logo\/image\/\",\"url\":\"https:\/\/tafalgie.fr\/wp-content\/uploads\/2024\/01\/logo-tafalgie-HD-02-1024x286-1.png\",\"contentUrl\":\"https:\/\/tafalgie.fr\/wp-content\/uploads\/2024\/01\/logo-tafalgie-HD-02-1024x286-1.png\",\"width\":1024,\"height\":286,\"caption\":\"Tafalgie Therapeutics\"},\"image\":{\"@id\":\"https:\/\/tafalgie.fr\/fr\/#\/schema\/logo\/image\/\"}}]}<\/script>\n<!-- \/ Yoast SEO plugin. -->","yoast_head_json":{"title":"Politique de confidentialit\u00e9 - Tafalgie Therapeutics","robots":{"index":"index","follow":"follow","max-snippet":"max-snippet:-1","max-image-preview":"max-image-preview:large","max-video-preview":"max-video-preview:-1"},"canonical":"https:\/\/tafalgie.fr\/fr\/politique-de-confidentialite\/","og_locale":"fr_FR","og_type":"article","og_title":"Politique de confidentialit\u00e9 - Tafalgie Therapeutics","og_description":"Politique de confidentialit\u00e9 Derni\u00e8re mise \u00e0 jour :&nbsp; 22 mai 2025 1. Introduction 1.1. Quel est l&rsquo;objectif de cette politique de protection de la vie priv\u00e9e ? Conform\u00e9ment \u00e0 la r\u00e9glementation applicable en mati\u00e8re de protection des donn\u00e9es, nous souhaitons vous informer des donn\u00e9es personnelles que nous recueillons lorsque vous visitez notre site web. Les [&hellip;]","og_url":"https:\/\/tafalgie.fr\/fr\/politique-de-confidentialite\/","og_site_name":"Tafalgie Therapeutics","article_modified_time":"2025-06-16T14:10:04+00:00","twitter_card":"summary_large_image","twitter_misc":{"Dur\u00e9e de lecture estim\u00e9e":"10 minutes"},"schema":{"@context":"https:\/\/schema.org","@graph":[{"@type":"WebPage","@id":"https:\/\/tafalgie.fr\/fr\/politique-de-confidentialite\/","url":"https:\/\/tafalgie.fr\/fr\/politique-de-confidentialite\/","name":"Politique de confidentialit\u00e9 - Tafalgie Therapeutics","isPartOf":{"@id":"https:\/\/tafalgie.fr\/fr\/#website"},"datePublished":"2024-02-08T13:37:06+00:00","dateModified":"2025-06-16T14:10:04+00:00","inLanguage":"fr-FR","potentialAction":[{"@type":"ReadAction","target":["https:\/\/tafalgie.fr\/fr\/politique-de-confidentialite\/"]}]},{"@type":"WebSite","@id":"https:\/\/tafalgie.fr\/fr\/#website","url":"https:\/\/tafalgie.fr\/fr\/","name":"Tafalgie Therapeutics","description":"","publisher":{"@id":"https:\/\/tafalgie.fr\/fr\/#organization"},"potentialAction":[{"@type":"SearchAction","target":{"@type":"EntryPoint","urlTemplate":"https:\/\/tafalgie.fr\/fr\/?s={search_term_string}"},"query-input":{"@type":"PropertyValueSpecification","valueRequired":true,"valueName":"search_term_string"}}],"inLanguage":"fr-FR"},{"@type":"Organization","@id":"https:\/\/tafalgie.fr\/fr\/#organization","name":"Tafalgie Therapeutics","url":"https:\/\/tafalgie.fr\/fr\/","logo":{"@type":"ImageObject","inLanguage":"fr-FR","@id":"https:\/\/tafalgie.fr\/fr\/#\/schema\/logo\/image\/","url":"https:\/\/tafalgie.fr\/wp-content\/uploads\/2024\/01\/logo-tafalgie-HD-02-1024x286-1.png","contentUrl":"https:\/\/tafalgie.fr\/wp-content\/uploads\/2024\/01\/logo-tafalgie-HD-02-1024x286-1.png","width":1024,"height":286,"caption":"Tafalgie Therapeutics"},"image":{"@id":"https:\/\/tafalgie.fr\/fr\/#\/schema\/logo\/image\/"}}]}},"_links":{"self":[{"href":"https:\/\/tafalgie.fr\/fr\/wp-json\/wp\/v2\/pages\/2137","targetHints":{"allow":["GET"]}}],"collection":[{"href":"https:\/\/tafalgie.fr\/fr\/wp-json\/wp\/v2\/pages"}],"about":[{"href":"https:\/\/tafalgie.fr\/fr\/wp-json\/wp\/v2\/types\/page"}],"author":[{"embeddable":true,"href":"https:\/\/tafalgie.fr\/fr\/wp-json\/wp\/v2\/users\/2"}],"replies":[{"embeddable":true,"href":"https:\/\/tafalgie.fr\/fr\/wp-json\/wp\/v2\/comments?post=2137"}],"version-history":[{"count":7,"href":"https:\/\/tafalgie.fr\/fr\/wp-json\/wp\/v2\/pages\/2137\/revisions"}],"predecessor-version":[{"id":3503,"href":"https:\/\/tafalgie.fr\/fr\/wp-json\/wp\/v2\/pages\/2137\/revisions\/3503"}],"wp:attachment":[{"href":"https:\/\/tafalgie.fr\/fr\/wp-json\/wp\/v2\/media?parent=2137"}],"curies":[{"name":"wp","href":"https:\/\/api.w.org\/{rel}","templated":true}]}}