{"id":2146,"date":"2024-01-24T12:30:17","date_gmt":"2024-01-24T11:30:17","guid":{"rendered":"https:\/\/tafalgie.fr\/pipeline\/"},"modified":"2025-09-11T12:58:02","modified_gmt":"2025-09-11T10:58:02","slug":"pipeline","status":"publish","type":"page","link":"https:\/\/tafalgie.fr\/fr\/pipeline\/","title":{"rendered":"Pipeline"},"content":{"rendered":"\n<div class=\"wp-block-cover alignfull is-light\" style=\"min-height:70vh;aspect-ratio:unset;\"><span aria-hidden=\"true\" class=\"wp-block-cover__background has-background-dim-70 has-background-dim has-background-gradient\" style=\"background-color:#8f8c94;background:linear-gradient(135deg,rgb(24,37,67) 0%,rgb(13,54,144) 100%)\"><\/span><img loading=\"lazy\" decoding=\"async\" width=\"1688\" height=\"1126\" src=\"https:\/\/tafalgie.fr\/wp-content\/uploads\/2024\/02\/pipeline-page_header.jpg\" class=\"wp-block-cover__image-background wp-post-image\" alt=\"\" data-object-fit=\"cover\" srcset=\"https:\/\/tafalgie.fr\/wp-content\/uploads\/2024\/02\/pipeline-page_header.jpg 1688w, https:\/\/tafalgie.fr\/wp-content\/uploads\/2024\/02\/pipeline-page_header-300x200.jpg 300w, https:\/\/tafalgie.fr\/wp-content\/uploads\/2024\/02\/pipeline-page_header-1024x683.jpg 1024w, https:\/\/tafalgie.fr\/wp-content\/uploads\/2024\/02\/pipeline-page_header-768x512.jpg 768w, https:\/\/tafalgie.fr\/wp-content\/uploads\/2024\/02\/pipeline-page_header-1536x1025.jpg 1536w, https:\/\/tafalgie.fr\/wp-content\/uploads\/2024\/02\/pipeline-page_header-700x467.jpg 700w\" sizes=\"auto, (max-width: 1688px) 100vw, 1688px\" \/><div class=\"wp-block-cover__inner-container is-layout-flow wp-block-cover-is-layout-flow\">\n<div class=\"wp-block-group alignwide px-content is-layout-flow wp-block-group-is-layout-flow\">\n<p class=\"deco_after deco_line-orange fade-in-text has-white-color has-text-color has-link-color has-large-font-size wp-elements-294b9dc15e15c36da3c83d86884061c2\" style=\"font-style:normal;font-weight:600;letter-spacing:1px;text-transform:uppercase\">Pipeline<\/p>\n\n\n\n<h1 class=\"wp-block-heading fade-in-text has-tafalgie-orange-color has-text-color has-link-color wp-elements-63cf66b64df0b9d6411df112d53b633a\" style=\"font-style:normal;font-weight:700\"><mark style=\"background-color:rgba(0, 0, 0, 0)\" class=\"has-inline-color has-white-color\">Une plateforme R&amp;D de m\u00e9dicament sp\u00e9cialis\u00e9e dans la douleur.<\/mark><\/h1>\n<\/div>\n<\/div><\/div>\n\n\n\n<div class=\"wp-block-group alignfull is-layout-flow wp-container-core-group-is-layout-bed0e9d7 wp-block-group-is-layout-flow\" style=\"margin-top:0;margin-bottom:0;padding-top:var(--wp--preset--spacing--70);padding-bottom:var(--wp--preset--spacing--70)\">\n<div class=\"wp-block-columns alignwide px-content is-layout-flex wp-container-core-columns-is-layout-28232c24 wp-block-columns-is-layout-flex\">\n<div class=\"wp-block-column is-layout-flow wp-block-column-is-layout-flow\">\n<div class=\"wp-block-columns is-layout-flex wp-container-core-columns-is-layout-6ef9061c wp-block-columns-is-layout-flex\">\n<div class=\"wp-block-column is-vertically-aligned-center is-layout-flow wp-container-core-column-is-layout-f6a27b6f wp-block-column-is-layout-flow\" style=\"padding-right:0;flex-basis:100%\">\n<h2 class=\"wp-block-heading text-gradient from-dark-to-light_blue\" style=\"font-style:normal;font-weight:600\">Le pipeline de d\u00e9veloppement clinique<\/h2>\n\n\n\n<p>Nous avons valid\u00e9 un dossier pr\u00e9clinique complet pour notre premi\u00e8re mol\u00e9cule candidate&nbsp;: <strong>preuve de concept, comparaison avec les soins actuels, validation des voies d\u2019administration.<\/strong><\/p>\n\n\n\n<section class=\"wp-block-group alignwide px-content has-background is-layout-flow wp-block-group-is-layout-flow\" style=\"border-top-left-radius:24px;border-bottom-right-radius:24px;background-color:#f4f5f5;padding-top:var(--wp--preset--spacing--50);padding-bottom:var(--wp--preset--spacing--50)\"><div class=\"hidden\"><style>#sp-ea-1242 .spcollapsing { height: 0; overflow: hidden; transition-property: height;transition-duration: 300ms;}#sp-ea-1242.sp-easy-accordion>.sp-ea-single {margin-bottom: 10px; border: 1px solid #e2e2e2; }#sp-ea-1242.sp-easy-accordion>.sp-ea-single>.ea-header a {color: #444;}#sp-ea-1242.sp-easy-accordion>.sp-ea-single>.sp-collapse>.ea-body {background: #fff; color: #444;}#sp-ea-1242.sp-easy-accordion>.sp-ea-single {background: #eee;}#sp-ea-1242.sp-easy-accordion>.sp-ea-single>.ea-header a .ea-expand-icon { float: left; color: #444;font-size: 16px;}.ea-body {\r\n  display: none;\r\n}\r\n.sp-easy-accordion .sp-ea-single {\r\n\tpointer-events: none;\r\n}\r\n\/* Hide \"+\" icons *\/\r\n.ea-header a .ea-expand-icon {\r\n   display: none;\r\n}<\/style><div id=\"sp_easy_accordion-1707480505\"><div id=\"sp-ea-1242\" class=\"sp-ea-one sp-easy-accordion\" data-ea-active=\"ea-click\" data-ea-mode=\"vertical\" data-preloader=\"\" data-scroll-active-item=\"\" data-offset-to-scroll=\"0\"><div class=\"ea-card sp-ea-single\"><h3 class=\"ea-header\"><a class=\"collapsed\" id=\"ea-header-12420\" role=\"button\" data-sptoggle=\"spcollapse\" data-sptarget=\"#collapse12420\" aria-controls=\"collapse12420\" href=\"#\" aria-expanded=\"false\" tabindex=\"0\"><i aria-hidden=\"true\" role=\"presentation\" class=\"ea-expand-icon eap-icon-ea-expand-plus\"><\/i> Research Preclinical Phase 1 Phase 2 Lead 1 : post-operative <\/a><\/h3><div class=\"sp-collapse spcollapse spcollapse\" id=\"collapse12420\" data-parent=\"#sp-ea-1242\" role=\"region\" aria-labelledby=\"ea-header-12420\"> <div class=\"ea-body\">No Content<\/div><\/div><\/div><div class=\"ea-card sp-ea-single\"><h3 class=\"ea-header\"><a class=\"collapsed\" id=\"ea-header-12421\" role=\"button\" data-sptoggle=\"spcollapse\" data-sptarget=\"#collapse12421\" aria-controls=\"collapse12421\" href=\"#\" aria-expanded=\"false\" tabindex=\"0\"><i aria-hidden=\"true\" role=\"presentation\" class=\"ea-expand-icon eap-icon-ea-expand-plus\"><\/i> Research Preclinical Phase 1 Phase 2 Lead 1 : rare disease <\/a><\/h3><div class=\"sp-collapse spcollapse spcollapse\" id=\"collapse12421\" data-parent=\"#sp-ea-1242\" role=\"region\" aria-labelledby=\"ea-header-12421\"> <div class=\"ea-body\">No Content<\/div><\/div><\/div><div class=\"ea-card sp-ea-single\"><h3 class=\"ea-header\"><a class=\"collapsed\" id=\"ea-header-12422\" role=\"button\" data-sptoggle=\"spcollapse\" data-sptarget=\"#collapse12422\" aria-controls=\"collapse12422\" href=\"#\" aria-expanded=\"false\" tabindex=\"0\"><i aria-hidden=\"true\" role=\"presentation\" class=\"ea-expand-icon eap-icon-ea-expand-plus\"><\/i> Research Preclinical Phase 1 Phase 2 Lead 2 : acute and chronic pain <\/a><\/h3><div class=\"sp-collapse spcollapse spcollapse\" id=\"collapse12422\" data-parent=\"#sp-ea-1242\" role=\"region\" aria-labelledby=\"ea-header-12422\"> <div class=\"ea-body\">No Content<\/div><\/div><\/div><\/div><\/div><\/div>\n\n\n<div id=\"sp_easy_accordion-1707480505\">\n\t<div id=\"sp-ea-1242\" class=\"sp-ea-one sp-easy-accordion\" data-ex-icon=\"minus\" data-col-icon=\"plus\"\n\t\t data-ea-active=\"ea-click\" data-ea-mode=\"vertical\" data-preloader=\"\" data-scroll-active-item=\"\"\n\t\t data-offset-to-scroll=\"0\">\n\t\t<div class=\"ea-card  sp-ea-single\">\n\t\t\t<h3 class=\"ea-header\"><a class=\"collapsed\" id=\"ea-header-12420\" data-sptoggle=\"spcollapse\"\n\t\t\t\t\t\t\t\t\t data-sptarget=\"#collapse12420\" aria-controls=\"collapse12420\"\n\t\t\t\t\t\t\t\t\t href=\"javascript:void(0)\" aria-expanded=\"false\" tabindex=\"0\"><i\n\t\t\t\tclass=\"ea-expand-icon ea-icon-expand-plus\"><\/i>\n\t\t\t\t<div class=\"pipeline-bar_ctn\">\n\t\t\t\t\t<ul class=\"pipeline-bar_bar flex list-none ml-0 mb-0 border border-second rounded-r-full\">\n\t\t\t\t\t\t<li class=\"pipeline-bar_research mt-0 mb-0 w-full text-center text-sm font-medium\"><p\n\t\t\t\t\t\t\tstyle=\"z-index:10\" class=\"inline-block relative mb-0\">Research<\/p> <span style=\"width:100%\"\n\t\t\t\t\t\t\t\t\t\t\t\t\t\t\t\t\t\t\t\t\t\t\t\t\t class=\"bg-second\"><\/span>\n\t\t\t\t\t\t<\/li>\n\t\t\t\t\t\t<li class=\"pipeline-bar_preclinical mt-0 mb-0 w-full text-center text-sm font-medium\"><p\n\t\t\t\t\t\t\tstyle=\"z-index:10\" class=\"inline-block relative mb-0\">Preclinical<\/p> <span\n\t\t\t\t\t\t\tstyle=\"width:100%\" class=\"bg-second\"><\/span><\/li>\n\t\t\t\t\t\t<li class=\"pipeline-bar_phase1 mt-0 mb-0 w-full text-center text-sm font-medium\"><p\n\t\t\t\t\t\t\tstyle=\"z-index:10\" class=\"inline-block relative mb-0\">Phase 1<\/p> <span style=\"width:100%\"\n\t\t\t\t\t\t\t\t\t\t\t\t\t\t\t\t\t\t\t\t\t\t\t\t\tclass=\"bg-second rounded-r-full\"><\/span>\n\t\t\t\t\t\t<\/li>\n\t\t\t\t\t\t<li class=\"pipeline-bar_phase2 mt-0 mb-0 w-full text-center text-sm font-medium\"><p\n\t\t\t\t\t\t\tstyle=\"z-index:10\" class=\"inline-block relative mb-0\">Phase 2<\/p>  <span style=\"\"\n\t\t\t\t\t\t\t\t\t\t\t\t\t\t\t\t\t\t\t\t\t\t\t\t\t class=\"bg-second\"><\/span><\/li>\n\t\t\t\t\t<\/ul>\n\t\t\t\t<\/div>\n\t\t\t\t<p class=\"has-large-font-size py-4 ml-8 mb-0 text-prim\"> Lead 1 : post-op\u00e9ratoire <\/p><\/a><\/h3>\n\t\t\t<div class=\"sp-collapse spcollapse spcollapse\" id=\"collapse12420\" data-parent=\"#sp-ea-1242\" role=\"region\"\n\t\t\t\t aria-labelledby=\"ea-header-12420\">\n\t\t\t\t<div class=\"ea-body\">No Content<\/div>\n\t\t\t<\/div>\n\t\t<\/div>\n\t\t\n\n\t\t<div class=\"ea-card  sp-ea-single\">\n\t\t\t<h3 class=\"ea-header\"><a class=\"collapsed\" id=\"ea-header-12422\" data-sptoggle=\"spcollapse\"\n\t\t\t\t\t\t\t\t\t data-sptarget=\"#collapse12422\" aria-controls=\"collapse12422\"\n\t\t\t\t\t\t\t\t\t href=\"javascript:void(0)\" aria-expanded=\"false\" tabindex=\"0\"><i\n\t\t\t\tclass=\"ea-expand-icon ea-icon-expand-plus\"><\/i>\n\t\t\t\t<div class=\"pipeline-bar_ctn\">\n\t\t\t\t\t<ul class=\"pipeline-bar_bar flex list-none ml-0 mb-0 border rounded-r-full\" style=\"border-color:#F46C1D;\">\n\t\t\t\t\t\t<li class=\"pipeline-bar_research mt-0 mb-0 w-full text-center text-sm font-medium\"><p\n\t\t\t\t\t\t\tstyle=\"z-index:10;\" class=\"inline-block relative mb-0\">Research<\/p>\n\t\t\t\t\t\t\t<span style=\"width:100%; background-color:#F46C1D;\" class=\"rounded-r-full\"><\/span><\/li>\n\t\t\t\t\t\t<li class=\"pipeline-bar_preclinical mt-0 mb-0 w-full text-center text-sm font-medium\"><p\n\t\t\t\t\t\t\tstyle=\"z-index:10\" class=\"inline-block relative mb-0\">Preclinical<\/p> <span><\/span><\/li>\n\t\t\t\t\t\t<li class=\"pipeline-bar_phase1 mt-0 mb-0 w-full text-center text-sm font-medium\"><p\n\t\t\t\t\t\t\tstyle=\"z-index:10\" class=\"inline-block relative mb-0\">Phase 1<\/p> <span><\/span><\/li>\n\t\t\t\t\t\t<li class=\"pipeline-bar_phase2 mt-0 mb-0 w-full text-center text-sm font-medium\"><p\n\t\t\t\t\t\t\tstyle=\"z-index:10\" class=\"inline-block relative mb-0\">Phase 2<\/p> <span><\/span><\/li>\n\t\t\t\t\t<\/ul>\n\t\t\t\t<\/div>\n\t\t\t\t<p class=\"has-large-font-size py-4 ml-8 mb-0 text-prim\"> Lead 2 : douleur chronique et aigue <\/p><\/a>\n\t\t\t<\/h3>\n\t\t\t<div class=\"sp-collapse spcollapse spcollapse\" id=\"collapse12422\" data-parent=\"#sp-ea-1242\" role=\"region\"\n\t\t\t\t aria-labelledby=\"ea-header-12422\">\n\t\t\t\t<div class=\"ea-body\">No Content<\/div>\n\t\t\t<\/div>\n\t\t<\/div>\n\t<\/div>\n<\/div>\n<\/section>\n<\/div>\n<\/div>\n<\/div>\n<\/div>\n<\/div>\n","protected":false},"excerpt":{"rendered":"<p>Le pipeline de d\u00e9veloppement clinique Nous avons valid\u00e9 un dossier pr\u00e9clinique complet pour notre premi\u00e8re mol\u00e9cule candidate&nbsp;: preuve de concept, comparaison avec les soins actuels, validation des voies d\u2019administration. Research Preclinical Phase 1 Phase 2 Lead 1 : post-op\u00e9ratoire No Content Research Preclinical Phase 1 Phase 2 Lead 2 : douleur chronique et aigue No [&hellip;]<\/p>\n","protected":false},"author":1,"featured_media":1992,"parent":0,"menu_order":0,"comment_status":"closed","ping_status":"closed","template":"","meta":{"_acf_changed":false,"inline_featured_image":false,"footnotes":""},"class_list":["post-2146","page","type-page","status-publish","has-post-thumbnail","hentry"],"acf":[],"yoast_head":"<!-- This site is optimized with the Yoast SEO plugin v27.2 - https:\/\/yoast.com\/product\/yoast-seo-wordpress\/ -->\n<title>Pipeline - Tafalgie Therapeutics<\/title>\n<meta name=\"robots\" content=\"index, follow, max-snippet:-1, max-image-preview:large, max-video-preview:-1\" \/>\n<link rel=\"canonical\" href=\"https:\/\/tafalgie.fr\/fr\/pipeline\/\" \/>\n<meta property=\"og:locale\" content=\"fr_FR\" \/>\n<meta property=\"og:type\" content=\"article\" \/>\n<meta property=\"og:title\" content=\"Pipeline - Tafalgie Therapeutics\" \/>\n<meta property=\"og:description\" content=\"Le pipeline de d\u00e9veloppement clinique Nous avons valid\u00e9 un dossier pr\u00e9clinique complet pour notre premi\u00e8re mol\u00e9cule candidate&nbsp;: preuve de concept, comparaison avec les soins actuels, validation des voies d\u2019administration. Research Preclinical Phase 1 Phase 2 Lead 1 : post-op\u00e9ratoire No Content Research Preclinical Phase 1 Phase 2 Lead 2 : douleur chronique et aigue No [&hellip;]\" \/>\n<meta property=\"og:url\" content=\"https:\/\/tafalgie.fr\/fr\/pipeline\/\" \/>\n<meta property=\"og:site_name\" content=\"Tafalgie Therapeutics\" \/>\n<meta property=\"article:modified_time\" content=\"2025-09-11T10:58:02+00:00\" \/>\n<meta property=\"og:image\" content=\"https:\/\/tafalgie.fr\/wp-content\/uploads\/2024\/02\/pipeline-page_header.jpg\" \/>\n\t<meta property=\"og:image:width\" content=\"1688\" \/>\n\t<meta property=\"og:image:height\" content=\"1126\" \/>\n\t<meta property=\"og:image:type\" content=\"image\/jpeg\" \/>\n<meta name=\"twitter:card\" content=\"summary_large_image\" \/>\n<meta name=\"twitter:label1\" content=\"Dur\u00e9e de lecture estim\u00e9e\" \/>\n\t<meta name=\"twitter:data1\" content=\"1 minute\" \/>\n<script type=\"application\/ld+json\" class=\"yoast-schema-graph\">{\"@context\":\"https:\/\/schema.org\",\"@graph\":[{\"@type\":\"WebPage\",\"@id\":\"https:\/\/tafalgie.fr\/fr\/pipeline\/\",\"url\":\"https:\/\/tafalgie.fr\/fr\/pipeline\/\",\"name\":\"Pipeline - Tafalgie Therapeutics\",\"isPartOf\":{\"@id\":\"https:\/\/tafalgie.fr\/fr\/#website\"},\"primaryImageOfPage\":{\"@id\":\"https:\/\/tafalgie.fr\/fr\/pipeline\/#primaryimage\"},\"image\":{\"@id\":\"https:\/\/tafalgie.fr\/fr\/pipeline\/#primaryimage\"},\"thumbnailUrl\":\"https:\/\/tafalgie.fr\/wp-content\/uploads\/2024\/02\/pipeline-page_header.jpg\",\"datePublished\":\"2024-01-24T11:30:17+00:00\",\"dateModified\":\"2025-09-11T10:58:02+00:00\",\"inLanguage\":\"fr-FR\",\"potentialAction\":[{\"@type\":\"ReadAction\",\"target\":[\"https:\/\/tafalgie.fr\/fr\/pipeline\/\"]}]},{\"@type\":\"ImageObject\",\"inLanguage\":\"fr-FR\",\"@id\":\"https:\/\/tafalgie.fr\/fr\/pipeline\/#primaryimage\",\"url\":\"https:\/\/tafalgie.fr\/wp-content\/uploads\/2024\/02\/pipeline-page_header.jpg\",\"contentUrl\":\"https:\/\/tafalgie.fr\/wp-content\/uploads\/2024\/02\/pipeline-page_header.jpg\",\"width\":1688,\"height\":1126},{\"@type\":\"WebSite\",\"@id\":\"https:\/\/tafalgie.fr\/fr\/#website\",\"url\":\"https:\/\/tafalgie.fr\/fr\/\",\"name\":\"Tafalgie Therapeutics\",\"description\":\"\",\"publisher\":{\"@id\":\"https:\/\/tafalgie.fr\/fr\/#organization\"},\"potentialAction\":[{\"@type\":\"SearchAction\",\"target\":{\"@type\":\"EntryPoint\",\"urlTemplate\":\"https:\/\/tafalgie.fr\/fr\/?s={search_term_string}\"},\"query-input\":{\"@type\":\"PropertyValueSpecification\",\"valueRequired\":true,\"valueName\":\"search_term_string\"}}],\"inLanguage\":\"fr-FR\"},{\"@type\":\"Organization\",\"@id\":\"https:\/\/tafalgie.fr\/fr\/#organization\",\"name\":\"Tafalgie Therapeutics\",\"url\":\"https:\/\/tafalgie.fr\/fr\/\",\"logo\":{\"@type\":\"ImageObject\",\"inLanguage\":\"fr-FR\",\"@id\":\"https:\/\/tafalgie.fr\/fr\/#\/schema\/logo\/image\/\",\"url\":\"https:\/\/tafalgie.fr\/wp-content\/uploads\/2024\/01\/logo-tafalgie-HD-02-1024x286-1.png\",\"contentUrl\":\"https:\/\/tafalgie.fr\/wp-content\/uploads\/2024\/01\/logo-tafalgie-HD-02-1024x286-1.png\",\"width\":1024,\"height\":286,\"caption\":\"Tafalgie Therapeutics\"},\"image\":{\"@id\":\"https:\/\/tafalgie.fr\/fr\/#\/schema\/logo\/image\/\"}}]}<\/script>\n<!-- \/ Yoast SEO plugin. -->","yoast_head_json":{"title":"Pipeline - Tafalgie Therapeutics","robots":{"index":"index","follow":"follow","max-snippet":"max-snippet:-1","max-image-preview":"max-image-preview:large","max-video-preview":"max-video-preview:-1"},"canonical":"https:\/\/tafalgie.fr\/fr\/pipeline\/","og_locale":"fr_FR","og_type":"article","og_title":"Pipeline - Tafalgie Therapeutics","og_description":"Le pipeline de d\u00e9veloppement clinique Nous avons valid\u00e9 un dossier pr\u00e9clinique complet pour notre premi\u00e8re mol\u00e9cule candidate&nbsp;: preuve de concept, comparaison avec les soins actuels, validation des voies d\u2019administration. Research Preclinical Phase 1 Phase 2 Lead 1 : post-op\u00e9ratoire No Content Research Preclinical Phase 1 Phase 2 Lead 2 : douleur chronique et aigue No [&hellip;]","og_url":"https:\/\/tafalgie.fr\/fr\/pipeline\/","og_site_name":"Tafalgie Therapeutics","article_modified_time":"2025-09-11T10:58:02+00:00","og_image":[{"width":1688,"height":1126,"url":"https:\/\/tafalgie.fr\/wp-content\/uploads\/2024\/02\/pipeline-page_header.jpg","type":"image\/jpeg"}],"twitter_card":"summary_large_image","twitter_misc":{"Dur\u00e9e de lecture estim\u00e9e":"1 minute"},"schema":{"@context":"https:\/\/schema.org","@graph":[{"@type":"WebPage","@id":"https:\/\/tafalgie.fr\/fr\/pipeline\/","url":"https:\/\/tafalgie.fr\/fr\/pipeline\/","name":"Pipeline - Tafalgie Therapeutics","isPartOf":{"@id":"https:\/\/tafalgie.fr\/fr\/#website"},"primaryImageOfPage":{"@id":"https:\/\/tafalgie.fr\/fr\/pipeline\/#primaryimage"},"image":{"@id":"https:\/\/tafalgie.fr\/fr\/pipeline\/#primaryimage"},"thumbnailUrl":"https:\/\/tafalgie.fr\/wp-content\/uploads\/2024\/02\/pipeline-page_header.jpg","datePublished":"2024-01-24T11:30:17+00:00","dateModified":"2025-09-11T10:58:02+00:00","inLanguage":"fr-FR","potentialAction":[{"@type":"ReadAction","target":["https:\/\/tafalgie.fr\/fr\/pipeline\/"]}]},{"@type":"ImageObject","inLanguage":"fr-FR","@id":"https:\/\/tafalgie.fr\/fr\/pipeline\/#primaryimage","url":"https:\/\/tafalgie.fr\/wp-content\/uploads\/2024\/02\/pipeline-page_header.jpg","contentUrl":"https:\/\/tafalgie.fr\/wp-content\/uploads\/2024\/02\/pipeline-page_header.jpg","width":1688,"height":1126},{"@type":"WebSite","@id":"https:\/\/tafalgie.fr\/fr\/#website","url":"https:\/\/tafalgie.fr\/fr\/","name":"Tafalgie Therapeutics","description":"","publisher":{"@id":"https:\/\/tafalgie.fr\/fr\/#organization"},"potentialAction":[{"@type":"SearchAction","target":{"@type":"EntryPoint","urlTemplate":"https:\/\/tafalgie.fr\/fr\/?s={search_term_string}"},"query-input":{"@type":"PropertyValueSpecification","valueRequired":true,"valueName":"search_term_string"}}],"inLanguage":"fr-FR"},{"@type":"Organization","@id":"https:\/\/tafalgie.fr\/fr\/#organization","name":"Tafalgie Therapeutics","url":"https:\/\/tafalgie.fr\/fr\/","logo":{"@type":"ImageObject","inLanguage":"fr-FR","@id":"https:\/\/tafalgie.fr\/fr\/#\/schema\/logo\/image\/","url":"https:\/\/tafalgie.fr\/wp-content\/uploads\/2024\/01\/logo-tafalgie-HD-02-1024x286-1.png","contentUrl":"https:\/\/tafalgie.fr\/wp-content\/uploads\/2024\/01\/logo-tafalgie-HD-02-1024x286-1.png","width":1024,"height":286,"caption":"Tafalgie Therapeutics"},"image":{"@id":"https:\/\/tafalgie.fr\/fr\/#\/schema\/logo\/image\/"}}]}},"_links":{"self":[{"href":"https:\/\/tafalgie.fr\/fr\/wp-json\/wp\/v2\/pages\/2146","targetHints":{"allow":["GET"]}}],"collection":[{"href":"https:\/\/tafalgie.fr\/fr\/wp-json\/wp\/v2\/pages"}],"about":[{"href":"https:\/\/tafalgie.fr\/fr\/wp-json\/wp\/v2\/types\/page"}],"author":[{"embeddable":true,"href":"https:\/\/tafalgie.fr\/fr\/wp-json\/wp\/v2\/users\/1"}],"replies":[{"embeddable":true,"href":"https:\/\/tafalgie.fr\/fr\/wp-json\/wp\/v2\/comments?post=2146"}],"version-history":[{"count":35,"href":"https:\/\/tafalgie.fr\/fr\/wp-json\/wp\/v2\/pages\/2146\/revisions"}],"predecessor-version":[{"id":4084,"href":"https:\/\/tafalgie.fr\/fr\/wp-json\/wp\/v2\/pages\/2146\/revisions\/4084"}],"wp:featuredmedia":[{"embeddable":true,"href":"https:\/\/tafalgie.fr\/fr\/wp-json\/wp\/v2\/media\/1992"}],"wp:attachment":[{"href":"https:\/\/tafalgie.fr\/fr\/wp-json\/wp\/v2\/media?parent=2146"}],"curies":[{"name":"wp","href":"https:\/\/api.w.org\/{rel}","templated":true}]}}